{"id":1133,"date":"2023-12-19T04:15:28","date_gmt":"2023-12-19T04:15:28","guid":{"rendered":"https:\/\/lena-writes.com\/kontakt\/"},"modified":"2024-02-09T01:00:54","modified_gmt":"2024-02-09T01:00:54","slug":"kontakt","status":"publish","type":"page","link":"https:\/\/lena-writes.com\/sr\/kontakt\/","title":{"rendered":"Kontakt"},"content":{"rendered":"<div id=\"tdi_1\" class=\"tdc-zone\"><div class=\"tdc_zone tdi_2  wpb_row td-pb-row\"  >\n<style scoped>\n\/* custom css - generated by TagDiv Composer *\/\n\n\/* custom css - generated by TagDiv Composer *\/\n\/* custom css - generated by TagDiv Composer *\/\n.tdi_2{\r\n                    min-height: 0;\r\n                }\n<\/style><div id=\"tdi_3\" class=\"tdc-row stretch_row\"><div class=\"vc_row tdi_4  wpb_row td-pb-row\" >\n<style scoped>\n\/* custom css - generated by TagDiv Composer *\/\n\n\/* custom css - generated by TagDiv Composer *\/\n\/* custom css - generated by TagDiv Composer *\/\n.tdi_4,\r\n                .tdi_4 .tdc-columns{\r\n                    min-height: 0;\r\n                }.tdi_4,\r\n\t\t\t\t.tdi_4 .tdc-columns{\r\n\t\t\t\t    display: block;\r\n\t\t\t\t}.tdi_4 .tdc-columns{\r\n\t\t\t\t    width: 100%;\r\n\t\t\t\t}#tdi_3{\r\n\t\t\t\t    max-width: 650px !important;\r\n\t\t\t\t}\n\/* inline tdc_css att - generated by TagDiv Composer *\/\n\n.tdi_4{\nmargin-top:5px !important;\npadding-top:40px !important;\n}\n\n.tdi_4 .td_block_wrap{ text-align:left }\n\n\/* landscape *\/\n@media (min-width: 1019px) and (max-width: 1140px)\n{\n.tdi_4{\npadding-top:40px !important;\n}\n}\n\n\/* portrait *\/\n@media (min-width: 768px) and (max-width: 1018px)\n{\n.tdi_4{\npadding-top:40px !important;\n}\n}\n\n\/* phone *\/\n@media (max-width: 767px)\n{\n.tdi_4{\nmargin-bottom:10px !important;\npadding-top:40px !important;\n}\n}\n\n<\/style><div class=\"vc_column tdi_6  wpb_column vc_column_container tdc-column td-pb-span12\">\n<style scoped>\n\/* custom css - generated by TagDiv Composer *\/\n\n\/* custom css - generated by TagDiv Composer *\/\n\/* custom css - generated by TagDiv Composer *\/\n.tdi_6{\r\n                    vertical-align: baseline;\r\n                }.tdi_6 > .wpb_wrapper,\r\n\t\t\t\t.tdi_6 > .wpb_wrapper > .tdc-elements{\r\n\t\t\t\t    display: block;\r\n\t\t\t\t}.tdi_6 > .wpb_wrapper > .tdc-elements{\r\n\t\t\t\t    width: 100%;\r\n\t\t\t\t}.tdi_6 > .wpb_wrapper > .vc_row_inner{\r\n\t\t\t\t    width: auto;\r\n\t\t\t\t}.tdi_6 > .wpb_wrapper{\r\n\t\t\t\t    width: auto;\r\n\t\t\t\t    height: auto;\r\n\t\t\t\t}\n<\/style><div class=\"wpb_wrapper\" ><div class=\"tdm_block td_block_wrap tdm_block_column_title tdi_7 tdm-content-horiz-left td-pb-border-top td_block_template_9\"  data-td-block-uid=\"tdi_7\" >\n<style>\n\/* custom css - generated by TagDiv Composer *\/\n\/* custom css - generated by TagDiv Composer *\/\n.tdm_block_column_title{\r\n                  margin-bottom: 0;\r\n                  display: inline-block;\r\n                  width: 100%;\r\n                }\n<\/style><div class=\"td-block-row\"><div class=\"td-block-span12 tdm-col\">\n<style>\n\/* custom css - generated by TagDiv Composer *\/\n\/* custom css - generated by TagDiv Composer *\/\nbody .tdi_8 .tdm-title{\r\n\t\t\t\t\tcolor: rgba(224,92,92,0.7);\r\n\t\t\t\t}.tdi_8 .tdm-title{\r\n\t\t\t\t\tfont-family:Montserrat !important;font-size:16px !important;line-height:33px !important;font-weight:600 !important;text-transform:uppercase !important;\r\n\t\t\t\t}\n<\/style><div class=\"tds-title tds-title1 td-fix-index tdi_8 \"><h3 class=\"tdm-title tdm-title-sm\">KONTAKT<\/h3><\/div><\/div><\/div><\/div><div class=\"tdm_block td_block_wrap tdm_block_column_title tdi_9 tdm-content-horiz-left td-pb-border-top td_block_template_9\"  data-td-block-uid=\"tdi_9\" >\n<style>\n\n\/* inline tdc_css att - generated by TagDiv Composer *\/\n\n.tdi_9{\nmargin-top:5px !important;\nmargin-bottom:20px !important;\n}\n\n\/* phone *\/\n@media (max-width: 767px)\n{\n.tdi_9{\nmargin-bottom:30px !important;\n}\n}\n\n\/* landscape *\/\n@media (min-width: 1019px) and (max-width: 1140px)\n{\n.tdi_9{\nmargin-bottom:40px !important;\n}\n}\n\n\/* portrait *\/\n@media (min-width: 768px) and (max-width: 1018px)\n{\n.tdi_9{\nmargin-bottom:40px !important;\n}\n}\n\n<\/style><div class=\"td-block-row\"><div class=\"td-block-span12 tdm-col\">\n<style>\n\/* custom css - generated by TagDiv Composer *\/\n\/* custom css - generated by TagDiv Composer *\/\nbody .tdi_10 .tdm-title{\r\n\t\t\t\t\tcolor: #3a3a15;\r\n\t\t\t\t}.tdi_10 .tdm-title{\r\n\t\t\t\t\tfont-family:Montserrat !important;font-size:42px !important;line-height:50px !important;font-weight:400 !important;\r\n\t\t\t\t}\n\n\/* portrait *\/\n@media (min-width: 768px) and (max-width: 1018px){\n\/* custom css - generated by TagDiv Composer *\/\n.tdi_10 .tdm-title{\r\n\t\t\t\t\tfont-size:36px !important;line-height:46px !important;\r\n\t\t\t\t}\n}\n\n\/* phone *\/\n@media (max-width: 767px){\n\/* custom css - generated by TagDiv Composer *\/\n.tdi_10 .tdm-title{\r\n\t\t\t\t\tfont-size:32px !important;\r\n\t\t\t\t}\n}\n<\/style><div class=\"tds-title tds-title1 td-fix-index tdi_10 \"><h3 class=\"tdm-title tdm-title-bg\">Pi\u0161ite mi<\/h3><\/div><\/div><\/div><\/div><div class=\"wpb_wrapper wpb_text_column td_block_wrap td_block_wrap vc_column_text tdi_11  tagdiv-type td-pb-border-top td_block_template_9\"  data-td-block-uid=\"tdi_11\" >\n<style>\n\n\/* inline tdc_css att - generated by TagDiv Composer *\/\n\n.tdi_11{\npadding-bottom:25px !important;\n}\n\n<\/style>\n<style>\n\/* custom css - generated by TagDiv Composer *\/\n\/* custom css - generated by TagDiv Composer *\/\n\n<\/style><div class=\"td-block-title-wrap\"><\/div><div class=\"td-fix-index\">\n<div class=\"wpcf7 no-js\" id=\"wpcf7-f1136-o1\" lang=\"sr-RS\" dir=\"ltr\" data-wpcf7-id=\"1136\">\n<div class=\"screen-reader-response\"><p role=\"status\" aria-live=\"polite\" aria-atomic=\"true\"><\/p> <ul><\/ul><\/div>\n<form action=\"\/sr\/wp-json\/wp\/v2\/pages\/1133#wpcf7-f1136-o1\" method=\"post\" class=\"wpcf7-form init\" aria-label=\"Contact form\" novalidate=\"novalidate\" data-status=\"init\">\n<fieldset class=\"hidden-fields-container\"><input type=\"hidden\" name=\"_wpcf7\" value=\"1136\" \/><input type=\"hidden\" name=\"_wpcf7_version\" value=\"6.1.2\" \/><input type=\"hidden\" name=\"_wpcf7_locale\" value=\"sr_RS\" \/><input type=\"hidden\" name=\"_wpcf7_unit_tag\" value=\"wpcf7-f1136-o1\" \/><input type=\"hidden\" name=\"_wpcf7_container_post\" value=\"0\" \/><input type=\"hidden\" name=\"_wpcf7_posted_data_hash\" value=\"\" \/><input type=\"hidden\" name=\"_wpcf7_recaptcha_response\" value=\"\" \/>\n<\/fieldset>\n<p><label> Va\u0161e ime<br \/>\n<span class=\"wpcf7-form-control-wrap\" data-name=\"vase-ime\"><input size=\"40\" maxlength=\"400\" class=\"wpcf7-form-control wpcf7-text wpcf7-validates-as-required\" autocomplete=\"name\" aria-required=\"true\" aria-invalid=\"false\" value=\"\" type=\"text\" name=\"vase-ime\" \/><\/span> <\/label>\n<\/p>\n<p><label> Va\u0161 email<br \/>\n<span class=\"wpcf7-form-control-wrap\" data-name=\"vas-email\"><input size=\"40\" maxlength=\"400\" class=\"wpcf7-form-control wpcf7-email wpcf7-validates-as-required wpcf7-text wpcf7-validates-as-email\" autocomplete=\"email\" aria-required=\"true\" aria-invalid=\"false\" value=\"\" type=\"email\" name=\"vas-email\" \/><\/span> <\/label>\n<\/p>\n<p><label> Poruka<br \/>\n<span class=\"wpcf7-form-control-wrap\" data-name=\"vasa-poruka\"><textarea cols=\"40\" rows=\"10\" maxlength=\"2000\" class=\"wpcf7-form-control wpcf7-textarea wpcf7-validates-as-required\" aria-required=\"true\" aria-invalid=\"false\" name=\"vasa-poruka\"><\/textarea><\/span> <\/label>\n<\/p>\n<span class=\"wpcf7-form-control-wrap recaptcha\" data-name=\"recaptcha\"><span data-sitekey=\"6LcDqmQpAAAAANMoWdvIL0pJYNpj44s-BCGU5BQA\" class=\"wpcf7-form-control wpcf7-recaptcha g-recaptcha\"><\/span>\r\n<noscript>\r\n\t<div class=\"grecaptcha-noscript\">\r\n\t\t<iframe loading=\"lazy\" src=\"https:\/\/www.google.com\/recaptcha\/api\/fallback?k=6LcDqmQpAAAAANMoWdvIL0pJYNpj44s-BCGU5BQA\" frameborder=\"0\" scrolling=\"no\" width=\"310\" height=\"430\">\r\n\t\t<\/iframe>\r\n\t\t<textarea name=\"g-recaptcha-response\" rows=\"3\" cols=\"40\" placeholder=\"reCaptcha Response Here\">\r\n\t\t<\/textarea>\r\n\t<\/div>\r\n<\/noscript>\r\n<\/span>\n<p><input class=\"wpcf7-form-control wpcf7-submit has-spinner\" type=\"submit\" value=\"Po\u0161alji\" \/>\n<\/p><div class=\"wpcf7-response-output\" aria-hidden=\"true\"><\/div>\n<\/form>\n<\/div>\n\n<\/div><\/div><\/div><\/div><\/div><\/div><\/div><\/div>","protected":false},"excerpt":{"rendered":"","protected":false},"author":1,"featured_media":0,"parent":0,"menu_order":0,"comment_status":"closed","ping_status":"closed","template":"","meta":{"footnotes":""},"class_list":["post-1133","page","type-page","status-publish"],"yoast_head":"<!-- This site is optimized with the Yoast SEO plugin v26.2 - https:\/\/yoast.com\/wordpress\/plugins\/seo\/ -->\n<title>Kontakt | Lena Writes<\/title>\n<meta name=\"description\" content=\"Imate pitanje ili samo \u017eelite da mi po\u0161aljete poruku? Popunite obrazac ispod.\" \/>\n<meta name=\"robots\" content=\"index, follow, max-snippet:-1, max-image-preview:large, max-video-preview:-1\" \/>\n<link rel=\"canonical\" href=\"https:\/\/lena-writes.com\/sr\/kontakt\/\" \/>\n<meta property=\"og:locale\" content=\"sr_RS\" \/>\n<meta property=\"og:type\" content=\"article\" \/>\n<meta property=\"og:title\" content=\"Kontakt | Lena Writes\" \/>\n<meta property=\"og:description\" content=\"Imate pitanje ili samo \u017eelite da mi po\u0161aljete poruku? Popunite obrazac ispod.\" \/>\n<meta property=\"og:url\" content=\"https:\/\/lena-writes.com\/sr\/kontakt\/\" \/>\n<meta property=\"og:site_name\" content=\"Lena Writes\" \/>\n<meta property=\"article:publisher\" content=\"https:\/\/www.facebook.com\/lena.poleksic.writes\/\" \/>\n<meta property=\"article:modified_time\" content=\"2024-02-09T01:00:54+00:00\" \/>\n<meta property=\"og:image\" content=\"https:\/\/i0.wp.com\/lena-writes.com\/wp-content\/uploads\/2024\/02\/1200x675.png?fit=1200%2C675&ssl=1\" \/>\n\t<meta property=\"og:image:width\" content=\"1200\" \/>\n\t<meta property=\"og:image:height\" content=\"675\" \/>\n\t<meta property=\"og:image:type\" content=\"image\/png\" \/>\n<meta name=\"twitter:card\" content=\"summary_large_image\" \/>\n<meta name=\"twitter:label1\" content=\"\u041f\u0440\u043e\u0446\u0435\u045a\u0435\u043d\u043e \u0432\u0440\u0435\u043c\u0435 \u0447\u0438\u0442\u0430\u045a\u0430\" \/>\n\t<meta name=\"twitter:data1\" content=\"1 \u043c\u0438\u043d\u0443\u0442\" \/>\n<script type=\"application\/ld+json\" class=\"yoast-schema-graph\">{\"@context\":\"https:\/\/schema.org\",\"@graph\":[{\"@type\":[\"WebPage\",\"ContactPage\"],\"@id\":\"https:\/\/lena-writes.com\/sr\/kontakt\/\",\"url\":\"https:\/\/lena-writes.com\/sr\/kontakt\/\",\"name\":\"Kontakt | Lena Writes\",\"isPartOf\":{\"@id\":\"https:\/\/lena-writes.com\/sr\/#website\"},\"datePublished\":\"2023-12-19T04:15:28+00:00\",\"dateModified\":\"2024-02-09T01:00:54+00:00\",\"description\":\"Imate pitanje ili samo \u017eelite da mi po\u0161aljete poruku? Popunite obrazac ispod.\",\"breadcrumb\":{\"@id\":\"https:\/\/lena-writes.com\/sr\/kontakt\/#breadcrumb\"},\"inLanguage\":\"sr-RS\",\"potentialAction\":[{\"@type\":\"ReadAction\",\"target\":[\"https:\/\/lena-writes.com\/sr\/kontakt\/\"]}]},{\"@type\":\"BreadcrumbList\",\"@id\":\"https:\/\/lena-writes.com\/sr\/kontakt\/#breadcrumb\",\"itemListElement\":[{\"@type\":\"ListItem\",\"position\":1,\"name\":\"Po\u010detna\",\"item\":\"https:\/\/lena-writes.com\/sr\/\"},{\"@type\":\"ListItem\",\"position\":2,\"name\":\"Kontakt\"}]},{\"@type\":\"WebSite\",\"@id\":\"https:\/\/lena-writes.com\/sr\/#website\",\"url\":\"https:\/\/lena-writes.com\/sr\/\",\"name\":\"Lena Writes\",\"description\":\"Razmi\u0161ljanja & re\u010di jedne dvojezi\u010dne mame\",\"publisher\":{\"@id\":\"https:\/\/lena-writes.com\/sr\/#\/schema\/person\/be50b43f0cd3328f4a036fc7affd625c\"},\"potentialAction\":[{\"@type\":\"SearchAction\",\"target\":{\"@type\":\"EntryPoint\",\"urlTemplate\":\"https:\/\/lena-writes.com\/sr\/?s={search_term_string}\"},\"query-input\":{\"@type\":\"PropertyValueSpecification\",\"valueRequired\":true,\"valueName\":\"search_term_string\"}}],\"inLanguage\":\"sr-RS\"},{\"@type\":[\"Person\",\"Organization\"],\"@id\":\"https:\/\/lena-writes.com\/sr\/#\/schema\/person\/be50b43f0cd3328f4a036fc7affd625c\",\"name\":\"Lena Poleksi\u0107\",\"image\":{\"@type\":\"ImageObject\",\"inLanguage\":\"sr-RS\",\"@id\":\"https:\/\/lena-writes.com\/sr\/#\/schema\/person\/image\/\",\"url\":\"https:\/\/i0.wp.com\/lnwr.mybeta.space\/wp-content\/uploads\/2023\/12\/Logo-x2.png?fit=350%2C300&ssl=1\",\"contentUrl\":\"https:\/\/i0.wp.com\/lnwr.mybeta.space\/wp-content\/uploads\/2023\/12\/Logo-x2.png?fit=350%2C300&ssl=1\",\"width\":350,\"height\":300,\"caption\":\"Lena Poleksi\u0107\"},\"logo\":{\"@id\":\"https:\/\/lena-writes.com\/sr\/#\/schema\/person\/image\/\"},\"description\":\"My name is Lena and I am a mum to two bilingual children. Through my personal experience, practical and emotional, I want contribute to raising awareness about bilingualism. In addition, I want to demonstrate to parents who value maintaining their heritage language, that they are not alone in this journey.\",\"sameAs\":[\"https:\/\/lena-writes.com\",\"https:\/\/www.facebook.com\/lena.poleksic.writes\/\",\"https:\/\/www.instagram.com\/lenapoleksic\/\",\"https:\/\/www.youtube.com\/@LenaPoleksic\"]}]}<\/script>\n<!-- \/ Yoast SEO plugin. -->","yoast_head_json":{"title":"Kontakt | Lena Writes","description":"Imate pitanje ili samo \u017eelite da mi po\u0161aljete poruku? Popunite obrazac ispod.","robots":{"index":"index","follow":"follow","max-snippet":"max-snippet:-1","max-image-preview":"max-image-preview:large","max-video-preview":"max-video-preview:-1"},"canonical":"https:\/\/lena-writes.com\/sr\/kontakt\/","og_locale":"sr_RS","og_type":"article","og_title":"Kontakt | Lena Writes","og_description":"Imate pitanje ili samo \u017eelite da mi po\u0161aljete poruku? Popunite obrazac ispod.","og_url":"https:\/\/lena-writes.com\/sr\/kontakt\/","og_site_name":"Lena Writes","article_publisher":"https:\/\/www.facebook.com\/lena.poleksic.writes\/","article_modified_time":"2024-02-09T01:00:54+00:00","og_image":[{"width":1200,"height":675,"url":"https:\/\/i0.wp.com\/lena-writes.com\/wp-content\/uploads\/2024\/02\/1200x675.png?fit=1200%2C675&ssl=1","type":"image\/png"}],"twitter_card":"summary_large_image","twitter_misc":{"\u041f\u0440\u043e\u0446\u0435\u045a\u0435\u043d\u043e \u0432\u0440\u0435\u043c\u0435 \u0447\u0438\u0442\u0430\u045a\u0430":"1 \u043c\u0438\u043d\u0443\u0442"},"schema":{"@context":"https:\/\/schema.org","@graph":[{"@type":["WebPage","ContactPage"],"@id":"https:\/\/lena-writes.com\/sr\/kontakt\/","url":"https:\/\/lena-writes.com\/sr\/kontakt\/","name":"Kontakt | Lena Writes","isPartOf":{"@id":"https:\/\/lena-writes.com\/sr\/#website"},"datePublished":"2023-12-19T04:15:28+00:00","dateModified":"2024-02-09T01:00:54+00:00","description":"Imate pitanje ili samo \u017eelite da mi po\u0161aljete poruku? Popunite obrazac ispod.","breadcrumb":{"@id":"https:\/\/lena-writes.com\/sr\/kontakt\/#breadcrumb"},"inLanguage":"sr-RS","potentialAction":[{"@type":"ReadAction","target":["https:\/\/lena-writes.com\/sr\/kontakt\/"]}]},{"@type":"BreadcrumbList","@id":"https:\/\/lena-writes.com\/sr\/kontakt\/#breadcrumb","itemListElement":[{"@type":"ListItem","position":1,"name":"Po\u010detna","item":"https:\/\/lena-writes.com\/sr\/"},{"@type":"ListItem","position":2,"name":"Kontakt"}]},{"@type":"WebSite","@id":"https:\/\/lena-writes.com\/sr\/#website","url":"https:\/\/lena-writes.com\/sr\/","name":"Lena Writes","description":"Razmi\u0161ljanja & re\u010di jedne dvojezi\u010dne mame","publisher":{"@id":"https:\/\/lena-writes.com\/sr\/#\/schema\/person\/be50b43f0cd3328f4a036fc7affd625c"},"potentialAction":[{"@type":"SearchAction","target":{"@type":"EntryPoint","urlTemplate":"https:\/\/lena-writes.com\/sr\/?s={search_term_string}"},"query-input":{"@type":"PropertyValueSpecification","valueRequired":true,"valueName":"search_term_string"}}],"inLanguage":"sr-RS"},{"@type":["Person","Organization"],"@id":"https:\/\/lena-writes.com\/sr\/#\/schema\/person\/be50b43f0cd3328f4a036fc7affd625c","name":"Lena Poleksi\u0107","image":{"@type":"ImageObject","inLanguage":"sr-RS","@id":"https:\/\/lena-writes.com\/sr\/#\/schema\/person\/image\/","url":"https:\/\/i0.wp.com\/lnwr.mybeta.space\/wp-content\/uploads\/2023\/12\/Logo-x2.png?fit=350%2C300&ssl=1","contentUrl":"https:\/\/i0.wp.com\/lnwr.mybeta.space\/wp-content\/uploads\/2023\/12\/Logo-x2.png?fit=350%2C300&ssl=1","width":350,"height":300,"caption":"Lena Poleksi\u0107"},"logo":{"@id":"https:\/\/lena-writes.com\/sr\/#\/schema\/person\/image\/"},"description":"My name is Lena and I am a mum to two bilingual children. Through my personal experience, practical and emotional, I want contribute to raising awareness about bilingualism. In addition, I want to demonstrate to parents who value maintaining their heritage language, that they are not alone in this journey.","sameAs":["https:\/\/lena-writes.com","https:\/\/www.facebook.com\/lena.poleksic.writes\/","https:\/\/www.instagram.com\/lenapoleksic\/","https:\/\/www.youtube.com\/@LenaPoleksic"]}]}},"_links":{"self":[{"href":"https:\/\/lena-writes.com\/sr\/wp-json\/wp\/v2\/pages\/1133","targetHints":{"allow":["GET"]}}],"collection":[{"href":"https:\/\/lena-writes.com\/sr\/wp-json\/wp\/v2\/pages"}],"about":[{"href":"https:\/\/lena-writes.com\/sr\/wp-json\/wp\/v2\/types\/page"}],"author":[{"embeddable":true,"href":"https:\/\/lena-writes.com\/sr\/wp-json\/wp\/v2\/users\/1"}],"replies":[{"embeddable":true,"href":"https:\/\/lena-writes.com\/sr\/wp-json\/wp\/v2\/comments?post=1133"}],"version-history":[{"count":8,"href":"https:\/\/lena-writes.com\/sr\/wp-json\/wp\/v2\/pages\/1133\/revisions"}],"predecessor-version":[{"id":1503,"href":"https:\/\/lena-writes.com\/sr\/wp-json\/wp\/v2\/pages\/1133\/revisions\/1503"}],"wp:attachment":[{"href":"https:\/\/lena-writes.com\/sr\/wp-json\/wp\/v2\/media?parent=1133"}],"curies":[{"name":"wp","href":"https:\/\/api.w.org\/{rel}","templated":true}]}}