{"id":1536,"date":"2023-12-12T10:39:45","date_gmt":"2023-12-12T10:39:45","guid":{"rendered":"https:\/\/lena-writes.com\/privacy-policy\/"},"modified":"2024-02-13T16:16:21","modified_gmt":"2024-02-13T16:16:21","slug":"politika-privatnosti","status":"publish","type":"page","link":"https:\/\/lena-writes.com\/sr\/politika-privatnosti\/","title":{"rendered":"Politika Privatnosti"},"content":{"rendered":"<div id=\"tdi_1\" class=\"tdc-zone\"><div class=\"tdc_zone tdi_2  wpb_row td-pb-row\"  >\n<style scoped>\n\/* custom css - generated by TagDiv Composer *\/\n\n\/* custom css - generated by TagDiv Composer *\/\n\/* custom css - generated by TagDiv Composer *\/\n.tdi_2{\r\n                    min-height: 0;\r\n                }\n<\/style><div id=\"tdi_3\" class=\"tdc-row\"><div class=\"vc_row tdi_4  wpb_row td-pb-row\" >\n<style scoped>\n\/* custom css - generated by TagDiv Composer *\/\n\n\/* custom css - generated by TagDiv Composer *\/\n\/* custom css - generated by TagDiv Composer *\/\n.tdi_4,\r\n                .tdi_4 .tdc-columns{\r\n                    min-height: 0;\r\n                }.tdi_4,\r\n\t\t\t\t.tdi_4 .tdc-columns{\r\n\t\t\t\t    display: block;\r\n\t\t\t\t}.tdi_4 .tdc-columns{\r\n\t\t\t\t    width: 100%;\r\n\t\t\t\t}\n<\/style><div class=\"vc_column tdi_6  wpb_column vc_column_container tdc-column td-pb-span12\">\n<style scoped>\n\/* custom css - generated by TagDiv Composer *\/\n\n\/* custom css - generated by TagDiv Composer *\/\n\/* custom css - generated by TagDiv Composer *\/\n.tdi_6{\r\n                    vertical-align: baseline;\r\n                }.tdi_6 > .wpb_wrapper,\r\n\t\t\t\t.tdi_6 > .wpb_wrapper > .tdc-elements{\r\n\t\t\t\t    display: block;\r\n\t\t\t\t}.tdi_6 > .wpb_wrapper > .tdc-elements{\r\n\t\t\t\t    width: 100%;\r\n\t\t\t\t}.tdi_6 > .wpb_wrapper > .vc_row_inner{\r\n\t\t\t\t    width: auto;\r\n\t\t\t\t}.tdi_6 > .wpb_wrapper{\r\n\t\t\t\t    width: auto;\r\n\t\t\t\t    height: auto;\r\n\t\t\t\t}\n<\/style><div class=\"wpb_wrapper\" ><div class=\"td_block_wrap td_block_text_with_title tdi_7 tagdiv-type td-pb-border-top td_block_template_9\"  data-td-block-uid=\"tdi_7\" >\n<style>\n\n\/* inline tdc_css att - generated by TagDiv Composer *\/\n\n.tdi_7{\nmargin-top:50px !important;\n}\n\n<\/style>\n<style>\n\/* custom css - generated by TagDiv Composer *\/\n\/* custom css - generated by TagDiv Composer *\/\n.td_block_text_with_title{\r\n                  margin-bottom: 44px;\r\n                  -webkit-transform: translateZ(0);\r\n                  transform: translateZ(0);\r\n                }.td_block_text_with_title p:last-child{\r\n                  margin-bottom: 0;\r\n                }\n<\/style><div class=\"td-block-title-wrap\"><\/div><div class=\"td_mod_wrap td-fix-index\"><h1>Politika Privatnosti<\/h1>\n<h6 style=\"text-align: left;\"><em>(Februar 2024.)<\/em><\/h6>\n<h2>Uvod<\/h2>\n<p>Dobrodo\u0161li u Lena Writes! Posve\u0107eni smo za\u0161titi va\u0161e privatnosti i obezbe\u0111ivanju bezbednosti va\u0161ih li\u010dnih podataka. Ova politika privatnosti opisuje kako prikupljamo, koristimo i \u010duvamo va\u0161e podatke kada posetite na\u0161u veb lokaciju.<\/p>\n<p>Kori\u0161\u0107enjem na\u0161e veb stranice, saglasni ste sa praksama opisanim u ovoj politici. Ako imate bilo kakvih pitanja ili nedoumica, slobodno nas kontaktirajte.<\/p>\n<h2>Informacije koje prikupljamo<\/h2>\n<h3>Li\u010dne informacije<\/h3>\n<p>Mo\u017eemo prikupljati slede\u0107e vrste li\u010dnih podataka:<\/p>\n<ul>\n<li><strong>Kontakt informacije<\/strong>: Kada popunite obrazac na na\u0161oj veb stranici (kao \u0161to je obrazac za kontakt ili pretplata na bilten), prikupljamo va\u0161e ime, adresu e-po\u0161te i druge relevantne detalje.<\/li>\n<li><strong>Podaci analitike<\/strong>: Koristimo alate kao \u0161to je Google analitika za pra\u0107enje pona\u0161anja korisnika na na\u0161oj veb lokaciji. Ovi podaci uklju\u010duju va\u0161u IP adresu, tip pregleda\u010da, informacije o ure\u0111aju i pose\u0107ene stranice.<\/li>\n<\/ul>\n<h3>Kola\u010di\u0107i<\/h3>\n<p>Koristimo kola\u010di\u0107e da pobolj\u0161amo va\u0161e iskustvo pregledanja. Kola\u010di\u0107i su male tekstualne datoteke uskladi\u0161tene na va\u0161em ure\u0111aju koje nam poma\u017eu da analiziramo saobra\u0107aj na veb lokaciji, prilagodimo sadr\u017eaj i pobolj\u0161amo na\u0161e usluge. Mo\u017eete da prilagodite pode\u0161avanja pregleda\u010da da biste upravljali kola\u010di\u0107ima ili da ih potpuno isklju\u010dite.<\/p>\n<p>Tako\u0111e mo\u017eete pro\u010ditati na\u0161u <a href=\"https:\/\/lena-writes.com\/cookie-policy\/\">Politiku o kola\u010di\u0107ima<\/a>.<\/p>\n<h2>Kako koristimo va\u0161e informacije<\/h2>\n<p>Va\u0161e podatke koristimo u slede\u0107e svrhe:<\/p>\n<ul>\n<li>Da bismo pru\u017eili i pobolj\u0161ali na\u0161e usluge<\/li>\n<li>Da odgovorimo na upite i komuniciramo sa vama<\/li>\n<li>Za analizu saobra\u0107aja na veb lokaciji i pona\u0161anja korisnika<\/li>\n<li>Da se pridr\u017eavamo zakonskih obaveza<\/li>\n<\/ul>\n<h2>Sigurnost podataka<\/h2>\n<p>Sigurnost podataka shvatamo ozbiljno. Primenjujemo standardne mere za za\u0161titu va\u0161ih li\u010dnih podataka od neovla\u0161\u0107enog pristupa, otkrivanja, izmene ili uni\u0161tenja.<\/p>\n<h2>Veze tre\u0107ih strana<\/h2>\n<p>Na\u0161a veb lokacija mo\u017ee da sadr\u017ei veze ka veb lokacijama tre\u0107ih strana. Imajte na umu da nismo odgovorni za praksu privatnosti ili sadr\u017eaj ovih spoljnih sajtova. Preporu\u010dujemo vam da pregledate njihovu politiku privatnosti pre nego \u0161to stupite u interakciju sa njima.<\/p>\n<h2>Va\u0161a prava<\/h2>\n<p>Imate pravo da:<\/p>\n<ul>\n<li>Pristupite li\u010dnim podacima koje imamo o vama<\/li>\n<li>Ispravite sve neta\u010dnosti u va\u0161im podacima<\/li>\n<li>Zahtevajte brisanje va\u0161ih podataka<\/li>\n<li>Odustanite od marketin\u0161kih komunikacija<\/li>\n<\/ul>\n<h2>Promene ove politike<\/h2>\n<p>Ovu politiku privatnosti mo\u017eemo periodi\u010dno a\u017eurirati. Sve izmene \u0107e biti objavljene na ovoj stranici, a datum stupanja na snagu bi\u0107e nazna\u010den.<\/p>\n<h2>Kontaktirajte nas<\/h2>\n<p>Ako imate bilo kakvih pitanja ili nedoumica u vezi sa na\u0161im praksama privatnosti, kontaktirajte nas preko kontakt obrasca <a style=\"text-decoration-line: underline;\" href=\"https:\/\/lena-writes.com\/sr\/kontakt\/\">ovde<\/a>.<\/p>\n<\/div><\/div><\/div><\/div><\/div><\/div><\/div><\/div>","protected":false},"excerpt":{"rendered":"","protected":false},"author":1,"featured_media":0,"parent":0,"menu_order":0,"comment_status":"closed","ping_status":"closed","template":"","meta":{"footnotes":""},"class_list":["post-1536","page","type-page","status-publish"],"yoast_head":"<!-- This site is optimized with the Yoast SEO plugin v26.2 - https:\/\/yoast.com\/wordpress\/plugins\/seo\/ -->\n<title>Politika Privatnosti | Lena Writes<\/title>\n<meta name=\"robots\" content=\"index, follow, max-snippet:-1, max-image-preview:large, max-video-preview:-1\" \/>\n<link rel=\"canonical\" href=\"https:\/\/lena-writes.com\/sr\/politika-privatnosti\/\" \/>\n<meta property=\"og:locale\" content=\"sr_RS\" \/>\n<meta property=\"og:type\" content=\"article\" \/>\n<meta property=\"og:title\" content=\"Politika Privatnosti | Lena Writes\" \/>\n<meta property=\"og:url\" content=\"https:\/\/lena-writes.com\/sr\/politika-privatnosti\/\" \/>\n<meta property=\"og:site_name\" content=\"Lena Writes\" \/>\n<meta property=\"article:publisher\" content=\"https:\/\/www.facebook.com\/lena.poleksic.writes\/\" \/>\n<meta property=\"article:modified_time\" content=\"2024-02-13T16:16:21+00:00\" \/>\n<meta property=\"og:image\" content=\"https:\/\/i0.wp.com\/lena-writes.com\/wp-content\/uploads\/2024\/02\/1200x675.png?fit=1200%2C675&ssl=1\" \/>\n\t<meta property=\"og:image:width\" content=\"1200\" \/>\n\t<meta property=\"og:image:height\" content=\"675\" \/>\n\t<meta property=\"og:image:type\" content=\"image\/png\" \/>\n<meta name=\"twitter:card\" content=\"summary_large_image\" \/>\n<meta name=\"twitter:label1\" content=\"\u041f\u0440\u043e\u0446\u0435\u045a\u0435\u043d\u043e \u0432\u0440\u0435\u043c\u0435 \u0447\u0438\u0442\u0430\u045a\u0430\" \/>\n\t<meta name=\"twitter:data1\" content=\"2 \u043c\u0438\u043d\u0443\u0442\u0430\" \/>\n<script type=\"application\/ld+json\" class=\"yoast-schema-graph\">{\"@context\":\"https:\/\/schema.org\",\"@graph\":[{\"@type\":\"WebPage\",\"@id\":\"https:\/\/lena-writes.com\/sr\/politika-privatnosti\/\",\"url\":\"https:\/\/lena-writes.com\/sr\/politika-privatnosti\/\",\"name\":\"Politika Privatnosti | Lena Writes\",\"isPartOf\":{\"@id\":\"https:\/\/lena-writes.com\/sr\/#website\"},\"datePublished\":\"2023-12-12T10:39:45+00:00\",\"dateModified\":\"2024-02-13T16:16:21+00:00\",\"breadcrumb\":{\"@id\":\"https:\/\/lena-writes.com\/sr\/politika-privatnosti\/#breadcrumb\"},\"inLanguage\":\"sr-RS\",\"potentialAction\":[{\"@type\":\"ReadAction\",\"target\":[\"https:\/\/lena-writes.com\/sr\/politika-privatnosti\/\"]}]},{\"@type\":\"BreadcrumbList\",\"@id\":\"https:\/\/lena-writes.com\/sr\/politika-privatnosti\/#breadcrumb\",\"itemListElement\":[{\"@type\":\"ListItem\",\"position\":1,\"name\":\"Po\u010detna\",\"item\":\"https:\/\/lena-writes.com\/sr\/\"},{\"@type\":\"ListItem\",\"position\":2,\"name\":\"Politika Privatnosti\"}]},{\"@type\":\"WebSite\",\"@id\":\"https:\/\/lena-writes.com\/sr\/#website\",\"url\":\"https:\/\/lena-writes.com\/sr\/\",\"name\":\"Lena Writes\",\"description\":\"Razmi\u0161ljanja & re\u010di jedne dvojezi\u010dne mame\",\"publisher\":{\"@id\":\"https:\/\/lena-writes.com\/sr\/#\/schema\/person\/be50b43f0cd3328f4a036fc7affd625c\"},\"potentialAction\":[{\"@type\":\"SearchAction\",\"target\":{\"@type\":\"EntryPoint\",\"urlTemplate\":\"https:\/\/lena-writes.com\/sr\/?s={search_term_string}\"},\"query-input\":{\"@type\":\"PropertyValueSpecification\",\"valueRequired\":true,\"valueName\":\"search_term_string\"}}],\"inLanguage\":\"sr-RS\"},{\"@type\":[\"Person\",\"Organization\"],\"@id\":\"https:\/\/lena-writes.com\/sr\/#\/schema\/person\/be50b43f0cd3328f4a036fc7affd625c\",\"name\":\"Lena Poleksi\u0107\",\"image\":{\"@type\":\"ImageObject\",\"inLanguage\":\"sr-RS\",\"@id\":\"https:\/\/lena-writes.com\/sr\/#\/schema\/person\/image\/\",\"url\":\"https:\/\/i0.wp.com\/lnwr.mybeta.space\/wp-content\/uploads\/2023\/12\/Logo-x2.png?fit=350%2C300&ssl=1\",\"contentUrl\":\"https:\/\/i0.wp.com\/lnwr.mybeta.space\/wp-content\/uploads\/2023\/12\/Logo-x2.png?fit=350%2C300&ssl=1\",\"width\":350,\"height\":300,\"caption\":\"Lena Poleksi\u0107\"},\"logo\":{\"@id\":\"https:\/\/lena-writes.com\/sr\/#\/schema\/person\/image\/\"},\"description\":\"My name is Lena and I am a mum to two bilingual children. Through my personal experience, practical and emotional, I want contribute to raising awareness about bilingualism. In addition, I want to demonstrate to parents who value maintaining their heritage language, that they are not alone in this journey.\",\"sameAs\":[\"https:\/\/lena-writes.com\",\"https:\/\/www.facebook.com\/lena.poleksic.writes\/\",\"https:\/\/www.instagram.com\/lenapoleksic\/\",\"https:\/\/www.youtube.com\/@LenaPoleksic\"]}]}<\/script>\n<!-- \/ Yoast SEO plugin. -->","yoast_head_json":{"title":"Politika Privatnosti | Lena Writes","robots":{"index":"index","follow":"follow","max-snippet":"max-snippet:-1","max-image-preview":"max-image-preview:large","max-video-preview":"max-video-preview:-1"},"canonical":"https:\/\/lena-writes.com\/sr\/politika-privatnosti\/","og_locale":"sr_RS","og_type":"article","og_title":"Politika Privatnosti | Lena Writes","og_url":"https:\/\/lena-writes.com\/sr\/politika-privatnosti\/","og_site_name":"Lena Writes","article_publisher":"https:\/\/www.facebook.com\/lena.poleksic.writes\/","article_modified_time":"2024-02-13T16:16:21+00:00","og_image":[{"width":1200,"height":675,"url":"https:\/\/i0.wp.com\/lena-writes.com\/wp-content\/uploads\/2024\/02\/1200x675.png?fit=1200%2C675&ssl=1","type":"image\/png"}],"twitter_card":"summary_large_image","twitter_misc":{"\u041f\u0440\u043e\u0446\u0435\u045a\u0435\u043d\u043e \u0432\u0440\u0435\u043c\u0435 \u0447\u0438\u0442\u0430\u045a\u0430":"2 \u043c\u0438\u043d\u0443\u0442\u0430"},"schema":{"@context":"https:\/\/schema.org","@graph":[{"@type":"WebPage","@id":"https:\/\/lena-writes.com\/sr\/politika-privatnosti\/","url":"https:\/\/lena-writes.com\/sr\/politika-privatnosti\/","name":"Politika Privatnosti | Lena Writes","isPartOf":{"@id":"https:\/\/lena-writes.com\/sr\/#website"},"datePublished":"2023-12-12T10:39:45+00:00","dateModified":"2024-02-13T16:16:21+00:00","breadcrumb":{"@id":"https:\/\/lena-writes.com\/sr\/politika-privatnosti\/#breadcrumb"},"inLanguage":"sr-RS","potentialAction":[{"@type":"ReadAction","target":["https:\/\/lena-writes.com\/sr\/politika-privatnosti\/"]}]},{"@type":"BreadcrumbList","@id":"https:\/\/lena-writes.com\/sr\/politika-privatnosti\/#breadcrumb","itemListElement":[{"@type":"ListItem","position":1,"name":"Po\u010detna","item":"https:\/\/lena-writes.com\/sr\/"},{"@type":"ListItem","position":2,"name":"Politika Privatnosti"}]},{"@type":"WebSite","@id":"https:\/\/lena-writes.com\/sr\/#website","url":"https:\/\/lena-writes.com\/sr\/","name":"Lena Writes","description":"Razmi\u0161ljanja & re\u010di jedne dvojezi\u010dne mame","publisher":{"@id":"https:\/\/lena-writes.com\/sr\/#\/schema\/person\/be50b43f0cd3328f4a036fc7affd625c"},"potentialAction":[{"@type":"SearchAction","target":{"@type":"EntryPoint","urlTemplate":"https:\/\/lena-writes.com\/sr\/?s={search_term_string}"},"query-input":{"@type":"PropertyValueSpecification","valueRequired":true,"valueName":"search_term_string"}}],"inLanguage":"sr-RS"},{"@type":["Person","Organization"],"@id":"https:\/\/lena-writes.com\/sr\/#\/schema\/person\/be50b43f0cd3328f4a036fc7affd625c","name":"Lena Poleksi\u0107","image":{"@type":"ImageObject","inLanguage":"sr-RS","@id":"https:\/\/lena-writes.com\/sr\/#\/schema\/person\/image\/","url":"https:\/\/i0.wp.com\/lnwr.mybeta.space\/wp-content\/uploads\/2023\/12\/Logo-x2.png?fit=350%2C300&ssl=1","contentUrl":"https:\/\/i0.wp.com\/lnwr.mybeta.space\/wp-content\/uploads\/2023\/12\/Logo-x2.png?fit=350%2C300&ssl=1","width":350,"height":300,"caption":"Lena Poleksi\u0107"},"logo":{"@id":"https:\/\/lena-writes.com\/sr\/#\/schema\/person\/image\/"},"description":"My name is Lena and I am a mum to two bilingual children. Through my personal experience, practical and emotional, I want contribute to raising awareness about bilingualism. In addition, I want to demonstrate to parents who value maintaining their heritage language, that they are not alone in this journey.","sameAs":["https:\/\/lena-writes.com","https:\/\/www.facebook.com\/lena.poleksic.writes\/","https:\/\/www.instagram.com\/lenapoleksic\/","https:\/\/www.youtube.com\/@LenaPoleksic"]}]}},"_links":{"self":[{"href":"https:\/\/lena-writes.com\/sr\/wp-json\/wp\/v2\/pages\/1536","targetHints":{"allow":["GET"]}}],"collection":[{"href":"https:\/\/lena-writes.com\/sr\/wp-json\/wp\/v2\/pages"}],"about":[{"href":"https:\/\/lena-writes.com\/sr\/wp-json\/wp\/v2\/types\/page"}],"author":[{"embeddable":true,"href":"https:\/\/lena-writes.com\/sr\/wp-json\/wp\/v2\/users\/1"}],"replies":[{"embeddable":true,"href":"https:\/\/lena-writes.com\/sr\/wp-json\/wp\/v2\/comments?post=1536"}],"version-history":[{"count":4,"href":"https:\/\/lena-writes.com\/sr\/wp-json\/wp\/v2\/pages\/1536\/revisions"}],"predecessor-version":[{"id":1614,"href":"https:\/\/lena-writes.com\/sr\/wp-json\/wp\/v2\/pages\/1536\/revisions\/1614"}],"wp:attachment":[{"href":"https:\/\/lena-writes.com\/sr\/wp-json\/wp\/v2\/media?parent=1536"}],"curies":[{"name":"wp","href":"https:\/\/api.w.org\/{rel}","templated":true}]}}