{"id":1542,"date":"2024-02-10T10:58:50","date_gmt":"2024-02-10T10:58:50","guid":{"rendered":"https:\/\/lena-writes.com\/cookie-policy\/"},"modified":"2024-02-12T14:14:29","modified_gmt":"2024-02-12T14:14:29","slug":"politika-kolacica","status":"publish","type":"page","link":"https:\/\/lena-writes.com\/sr\/politika-kolacica\/","title":{"rendered":"Politika kola\u010di\u0107a"},"content":{"rendered":"\u0420\u0435\u0433\u0438\u0458\u0430 EU \u043d\u0438\u0458\u0435 \u0430\u043a\u0442\u0438\u0432\u0438\u0440\u0430\u043d \u0437\u0430 cookie-statement.","protected":false},"excerpt":{"rendered":"","protected":false},"author":1,"featured_media":0,"parent":0,"menu_order":0,"comment_status":"closed","ping_status":"closed","template":"","meta":{"footnotes":""},"class_list":["post-1542","page","type-page","status-publish"],"yoast_head":"<!-- This site is optimized with the Yoast SEO plugin v26.2 - https:\/\/yoast.com\/wordpress\/plugins\/seo\/ -->\n<title>Politika kola\u010di\u0107a | Lena Writes<\/title>\n<meta name=\"robots\" content=\"index, follow, max-snippet:-1, max-image-preview:large, max-video-preview:-1\" \/>\n<link rel=\"canonical\" href=\"https:\/\/lena-writes.com\/sr\/politika-kolacica\/\" \/>\n<meta property=\"og:locale\" content=\"sr_RS\" \/>\n<meta property=\"og:type\" content=\"article\" \/>\n<meta property=\"og:title\" content=\"Politika kola\u010di\u0107a | Lena Writes\" \/>\n<meta property=\"og:url\" content=\"https:\/\/lena-writes.com\/sr\/politika-kolacica\/\" \/>\n<meta property=\"og:site_name\" content=\"Lena Writes\" \/>\n<meta property=\"article:publisher\" content=\"https:\/\/www.facebook.com\/lena.poleksic.writes\/\" \/>\n<meta property=\"article:modified_time\" content=\"2024-02-12T14:14:29+00:00\" \/>\n<meta property=\"og:image\" content=\"https:\/\/i0.wp.com\/lena-writes.com\/wp-content\/uploads\/2024\/02\/1200x675.png?fit=1200%2C675&ssl=1\" \/>\n\t<meta property=\"og:image:width\" content=\"1200\" \/>\n\t<meta property=\"og:image:height\" content=\"675\" \/>\n\t<meta property=\"og:image:type\" content=\"image\/png\" \/>\n<meta name=\"twitter:card\" content=\"summary_large_image\" \/>\n<script type=\"application\/ld+json\" class=\"yoast-schema-graph\">{\"@context\":\"https:\/\/schema.org\",\"@graph\":[{\"@type\":\"WebPage\",\"@id\":\"https:\/\/lena-writes.com\/sr\/politika-kolacica\/\",\"url\":\"https:\/\/lena-writes.com\/sr\/politika-kolacica\/\",\"name\":\"Politika kola\u010di\u0107a | Lena Writes\",\"isPartOf\":{\"@id\":\"https:\/\/lena-writes.com\/sr\/#website\"},\"datePublished\":\"2024-02-10T10:58:50+00:00\",\"dateModified\":\"2024-02-12T14:14:29+00:00\",\"breadcrumb\":{\"@id\":\"https:\/\/lena-writes.com\/sr\/politika-kolacica\/#breadcrumb\"},\"inLanguage\":\"sr-RS\",\"potentialAction\":[{\"@type\":\"ReadAction\",\"target\":[\"https:\/\/lena-writes.com\/sr\/politika-kolacica\/\"]}]},{\"@type\":\"BreadcrumbList\",\"@id\":\"https:\/\/lena-writes.com\/sr\/politika-kolacica\/#breadcrumb\",\"itemListElement\":[{\"@type\":\"ListItem\",\"position\":1,\"name\":\"Po\u010detna\",\"item\":\"https:\/\/lena-writes.com\/sr\/\"},{\"@type\":\"ListItem\",\"position\":2,\"name\":\"Politika kola\u010di\u0107a\"}]},{\"@type\":\"WebSite\",\"@id\":\"https:\/\/lena-writes.com\/sr\/#website\",\"url\":\"https:\/\/lena-writes.com\/sr\/\",\"name\":\"Lena Writes\",\"description\":\"Razmi\u0161ljanja & re\u010di jedne dvojezi\u010dne mame\",\"publisher\":{\"@id\":\"https:\/\/lena-writes.com\/sr\/#\/schema\/person\/be50b43f0cd3328f4a036fc7affd625c\"},\"potentialAction\":[{\"@type\":\"SearchAction\",\"target\":{\"@type\":\"EntryPoint\",\"urlTemplate\":\"https:\/\/lena-writes.com\/sr\/?s={search_term_string}\"},\"query-input\":{\"@type\":\"PropertyValueSpecification\",\"valueRequired\":true,\"valueName\":\"search_term_string\"}}],\"inLanguage\":\"sr-RS\"},{\"@type\":[\"Person\",\"Organization\"],\"@id\":\"https:\/\/lena-writes.com\/sr\/#\/schema\/person\/be50b43f0cd3328f4a036fc7affd625c\",\"name\":\"Lena Poleksi\u0107\",\"image\":{\"@type\":\"ImageObject\",\"inLanguage\":\"sr-RS\",\"@id\":\"https:\/\/lena-writes.com\/sr\/#\/schema\/person\/image\/\",\"url\":\"https:\/\/i0.wp.com\/lnwr.mybeta.space\/wp-content\/uploads\/2023\/12\/Logo-x2.png?fit=350%2C300&ssl=1\",\"contentUrl\":\"https:\/\/i0.wp.com\/lnwr.mybeta.space\/wp-content\/uploads\/2023\/12\/Logo-x2.png?fit=350%2C300&ssl=1\",\"width\":350,\"height\":300,\"caption\":\"Lena Poleksi\u0107\"},\"logo\":{\"@id\":\"https:\/\/lena-writes.com\/sr\/#\/schema\/person\/image\/\"},\"description\":\"My name is Lena and I am a mum to two bilingual children. Through my personal experience, practical and emotional, I want contribute to raising awareness about bilingualism. In addition, I want to demonstrate to parents who value maintaining their heritage language, that they are not alone in this journey.\",\"sameAs\":[\"https:\/\/lena-writes.com\",\"https:\/\/www.facebook.com\/lena.poleksic.writes\/\",\"https:\/\/www.instagram.com\/lenapoleksic\/\",\"https:\/\/www.youtube.com\/@LenaPoleksic\"]}]}<\/script>\n<!-- \/ Yoast SEO plugin. -->","yoast_head_json":{"title":"Politika kola\u010di\u0107a | Lena Writes","robots":{"index":"index","follow":"follow","max-snippet":"max-snippet:-1","max-image-preview":"max-image-preview:large","max-video-preview":"max-video-preview:-1"},"canonical":"https:\/\/lena-writes.com\/sr\/politika-kolacica\/","og_locale":"sr_RS","og_type":"article","og_title":"Politika kola\u010di\u0107a | Lena Writes","og_url":"https:\/\/lena-writes.com\/sr\/politika-kolacica\/","og_site_name":"Lena Writes","article_publisher":"https:\/\/www.facebook.com\/lena.poleksic.writes\/","article_modified_time":"2024-02-12T14:14:29+00:00","og_image":[{"width":1200,"height":675,"url":"https:\/\/i0.wp.com\/lena-writes.com\/wp-content\/uploads\/2024\/02\/1200x675.png?fit=1200%2C675&ssl=1","type":"image\/png"}],"twitter_card":"summary_large_image","schema":{"@context":"https:\/\/schema.org","@graph":[{"@type":"WebPage","@id":"https:\/\/lena-writes.com\/sr\/politika-kolacica\/","url":"https:\/\/lena-writes.com\/sr\/politika-kolacica\/","name":"Politika kola\u010di\u0107a | Lena Writes","isPartOf":{"@id":"https:\/\/lena-writes.com\/sr\/#website"},"datePublished":"2024-02-10T10:58:50+00:00","dateModified":"2024-02-12T14:14:29+00:00","breadcrumb":{"@id":"https:\/\/lena-writes.com\/sr\/politika-kolacica\/#breadcrumb"},"inLanguage":"sr-RS","potentialAction":[{"@type":"ReadAction","target":["https:\/\/lena-writes.com\/sr\/politika-kolacica\/"]}]},{"@type":"BreadcrumbList","@id":"https:\/\/lena-writes.com\/sr\/politika-kolacica\/#breadcrumb","itemListElement":[{"@type":"ListItem","position":1,"name":"Po\u010detna","item":"https:\/\/lena-writes.com\/sr\/"},{"@type":"ListItem","position":2,"name":"Politika kola\u010di\u0107a"}]},{"@type":"WebSite","@id":"https:\/\/lena-writes.com\/sr\/#website","url":"https:\/\/lena-writes.com\/sr\/","name":"Lena Writes","description":"Razmi\u0161ljanja & re\u010di jedne dvojezi\u010dne mame","publisher":{"@id":"https:\/\/lena-writes.com\/sr\/#\/schema\/person\/be50b43f0cd3328f4a036fc7affd625c"},"potentialAction":[{"@type":"SearchAction","target":{"@type":"EntryPoint","urlTemplate":"https:\/\/lena-writes.com\/sr\/?s={search_term_string}"},"query-input":{"@type":"PropertyValueSpecification","valueRequired":true,"valueName":"search_term_string"}}],"inLanguage":"sr-RS"},{"@type":["Person","Organization"],"@id":"https:\/\/lena-writes.com\/sr\/#\/schema\/person\/be50b43f0cd3328f4a036fc7affd625c","name":"Lena Poleksi\u0107","image":{"@type":"ImageObject","inLanguage":"sr-RS","@id":"https:\/\/lena-writes.com\/sr\/#\/schema\/person\/image\/","url":"https:\/\/i0.wp.com\/lnwr.mybeta.space\/wp-content\/uploads\/2023\/12\/Logo-x2.png?fit=350%2C300&ssl=1","contentUrl":"https:\/\/i0.wp.com\/lnwr.mybeta.space\/wp-content\/uploads\/2023\/12\/Logo-x2.png?fit=350%2C300&ssl=1","width":350,"height":300,"caption":"Lena Poleksi\u0107"},"logo":{"@id":"https:\/\/lena-writes.com\/sr\/#\/schema\/person\/image\/"},"description":"My name is Lena and I am a mum to two bilingual children. Through my personal experience, practical and emotional, I want contribute to raising awareness about bilingualism. In addition, I want to demonstrate to parents who value maintaining their heritage language, that they are not alone in this journey.","sameAs":["https:\/\/lena-writes.com","https:\/\/www.facebook.com\/lena.poleksic.writes\/","https:\/\/www.instagram.com\/lenapoleksic\/","https:\/\/www.youtube.com\/@LenaPoleksic"]}]}},"_links":{"self":[{"href":"https:\/\/lena-writes.com\/sr\/wp-json\/wp\/v2\/pages\/1542","targetHints":{"allow":["GET"]}}],"collection":[{"href":"https:\/\/lena-writes.com\/sr\/wp-json\/wp\/v2\/pages"}],"about":[{"href":"https:\/\/lena-writes.com\/sr\/wp-json\/wp\/v2\/types\/page"}],"author":[{"embeddable":true,"href":"https:\/\/lena-writes.com\/sr\/wp-json\/wp\/v2\/users\/1"}],"replies":[{"embeddable":true,"href":"https:\/\/lena-writes.com\/sr\/wp-json\/wp\/v2\/comments?post=1542"}],"version-history":[{"count":1,"href":"https:\/\/lena-writes.com\/sr\/wp-json\/wp\/v2\/pages\/1542\/revisions"}],"predecessor-version":[{"id":1544,"href":"https:\/\/lena-writes.com\/sr\/wp-json\/wp\/v2\/pages\/1542\/revisions\/1544"}],"wp:attachment":[{"href":"https:\/\/lena-writes.com\/sr\/wp-json\/wp\/v2\/media?parent=1542"}],"curies":[{"name":"wp","href":"https:\/\/api.w.org\/{rel}","templated":true}]}}